{"id":1651,"date":"2017-01-16T15:22:57","date_gmt":"2017-01-16T14:22:57","guid":{"rendered":"http:\/\/lizelan.com\/?page_id=1651"},"modified":"2024-11-07T08:36:32","modified_gmt":"2024-11-07T07:36:32","slug":"certificacions","status":"publish","type":"page","link":"https:\/\/lizelan.com\/fr\/certificacions\/","title":{"rendered":"Certificacions"},"content":{"rendered":"<div class=\"wpb-content-wrapper\"><p>[vc_row][vc_column][vc_column_text css=&#8221;.vc_custom_1730964991930{padding-top: 75px !important;padding-bottom: 75px !important;}&#8221;]<\/p>\n<h2>Clasification empresarial<\/h2>\n<p>LIZELAN dispose de moyens humains et materiels necesairres pour r\u00e9aliser tous types de travaux forestiers et environementaux avec toutes les garanties possibles pour le client, comme le reconna\u00eet le minist\u00e8re des finances et d\u2019administration espagnols en ayant attribu\u00e9s les classifications suivantes:<\/p>\n<p>&nbsp;<\/p>\n<p>&nbsp;<\/p>\n<table class=\"table-element table-bordered\">\n<thead>\n<tr>\n<th>GROUPE<\/th>\n<th>SUBGROUPE<\/th>\n<th>CAT\u00c9GORIE<\/th>\n<th>ACTIVIT\u00c9<\/th>\n<th>CERTIFICATION<\/th>\n<\/tr>\n<\/thead>\n<tbody>\n<tr>\n<td>K<\/td>\n<td>06<\/td>\n<td>4<\/td>\n<td>Jardinage et plantations<\/td>\n<td><a href=\"https:\/\/lizelan.com\/wp-content\/uploads\/2024\/11\/certificado-clasificacion-k64-30.10.24.pdf\"><i class=\"fa fa-file-pdf-o\">\u00a0<\/i> Descargar<\/a><\/td>\n<\/tr>\n<tr>\n<td>O<\/td>\n<td>02<\/td>\n<td>1<\/td>\n<td>Mantenance et entretien routes, pistes, autoroutes, voie rapide et chauss\u00e9e.<\/td>\n<td><a href=\"http:\/\/lizelan.com\/wp-content\/uploads\/2017\/03\/Resolucion-servicios.pdf\"><i class=\"fa fa-file-pdf-o\">\u00a0<\/i> Descargar<\/a><\/td>\n<\/tr>\n<tr>\n<td>O<\/td>\n<td>06<\/td>\n<td>3<\/td>\n<td>Maintenance et entretien de bois et jardins.<\/td>\n<td><a href=\"http:\/\/lizelan.com\/wp-content\/uploads\/2017\/03\/Resolucion-servicios.pdf\"><i class=\"fa fa-file-pdf-o\">\u00a0<\/i> Descargar<\/a><\/td>\n<\/tr>\n<\/tbody>\n<\/table>\n<p>[\/vc_column_text][\/vc_column][\/vc_row][vc_row full_width=&#8221;stretch_row&#8221; overlay_row=&#8221;&#8221; css=&#8221;.vc_custom_1484644470553{border-top-width: 1px !important;border-bottom-width: 1px !important;padding-top: 75px !important;padding-bottom: 50px !important;background-color: #f7f8fa !important;border-top-color: #ededed !important;border-top-style: solid !important;border-bottom-color: #ededed !important;border-bottom-style: solid !important;}&#8221;][vc_column width=&#8221;2\/3&#8243;][vc_column_text]<\/p>\n<h2><strong>Certification qualit\u00e9, environnement et prevention<\/strong><\/h2>\n<p>LIZELAN est fermement compromis avec la qualit\u00e9, l\u00b4environnement et la pr\u00e9vention des risques du travail afin de garantir l\u2019enti\u00e8re satisfaction de nos clients.<\/p>\n<p>Nous am\u00e9liorons en permanence tous ces aspects, de la pr\u00e9servation de l\u2019environnement \u00e0 la minimisation des impacts sur la nature, ainsi que la s\u00e9curit\u00e9 dans le travail. Aussi et depuis 2009 nous avons obtenu les certifications suivantes: <a href=\"https:\/\/lizelan.com\/wp-content\/uploads\/2024\/09\/lizelan-iso-9001-fr.pdf\">ISO 9001:2015<\/a>, <a href=\"https:\/\/lizelan.com\/wp-content\/uploads\/2024\/09\/lizelan-iso-14001-fr.pdf\">ISO 14001:2015<\/a> y <a href=\"https:\/\/lizelan.com\/wp-content\/uploads\/2024\/09\/lizelan-iso-45001-fr.pdf\">ISO 45001:2018<\/a>.[\/vc_column_text][\/vc_column][vc_column width=&#8221;1\/3&#8243;][vc_single_image image=&#8221;2301&#8243; img_size=&#8221;medium&#8221; alignment=&#8221;center&#8221;][\/vc_column][\/vc_row][vc_row full_width=&#8221;stretch_row&#8221; equal_height=&#8221;yes&#8221; content_placement=&#8221;middle&#8221; overlay_row=&#8221;&#8221; css=&#8221;.vc_custom_1720595032617{border-top-width: 1px !important;border-bottom-width: 1px !important;padding-top: 75px !important;padding-bottom: 50px !important;background-color: #f7f8fa !important;border-top-color: #ededed !important;border-top-style: solid !important;border-bottom-color: #ededed !important;border-bottom-style: solid !important;}&#8221;][vc_column width=&#8221;2\/3&#8243;][vc_column_text]<\/p>\n<h2><strong>SURE<\/strong><\/h2>\n<p>Nous avons obtenu le certificat <a href=\"https:\/\/sure-system.org\/en\/\" target=\"_blank\" rel=\"noopener\">SURE<\/a> dans le cadre de notre activit\u00e9 d&#8217;\u00e9conomie circulaire, assurant le d\u00e9veloppement durable et l&#8217;utilisation responsable de la biomasse dans le secteur de l&#8217;\u00e9nergie et contribuant de mani\u00e8re tangible \u00e0 la r\u00e9duction des gaz \u00e0 effet de serre.<\/p>\n<p><a href=\"https:\/\/lizelan.com\/wp-content\/uploads\/2024\/07\/CU_PL_SURE_certificate_2024_LIZELAN.pdf\" target=\"_blank\" rel=\"noopener\">T\u00e9l\u00e9charger le certificat<\/a>[\/vc_column_text][\/vc_column][vc_column width=&#8221;1\/3&#8243;][vc_single_image image=&#8221;2591&#8243; img_size=&#8221;medium&#8221; alignment=&#8221;center&#8221;][\/vc_column][\/vc_row][vc_row][vc_column width=&#8221;2\/3&#8243;][vc_column_text css=&#8221;.vc_custom_1487941218958{padding-top: 75px !important;padding-bottom: 75px !important;}&#8221;]<\/p>\n<h2><strong>Ropo<\/strong><\/h2>\n<p>LIZELAN est dans le registre officiel des producteurs et op\u00e9rateurs des moyens de d\u00e9fense photosanitaires 200121-ET.[\/vc_column_text][\/vc_column][vc_column width=&#8221;1\/3&#8243; css=&#8221;.vc_custom_1484645287017{margin-top: 90px !important;}&#8221;][vc_btn title=&#8221;V\u00e9rifier le certificat&#8221; align=&#8221;center&#8221; link=&#8221;url:http%3A%2F%2Flocalhost%2Flizelan%2Fwp-content%2Fuploads%2F2017%2F01%2Fdocumento-acreditativo-ropo09092014.pdf||target:%20_blank|&#8221;][\/vc_column][\/vc_row][vc_row full_width=&#8221;stretch_row&#8221; overlay_row=&#8221;&#8221; css=&#8221;.vc_custom_1484645750838{border-top-width: 1px !important;border-bottom-width: 1px !important;padding-top: 75px !important;padding-bottom: 50px !important;background-color: #f7f8fa !important;border-top-color: #ededed !important;border-top-style: solid !important;border-bottom-color: #ededed !important;border-bottom-style: solid !important;}&#8221;][vc_column][vc_column_text]<\/p>\n<h2>RePro et proTrans<\/h2>\n<p>Nous sommes aussi dans la Communaut\u00e9 online d\u2019 Achilles pour le secteur du transport <strong>proTRANS<\/strong> avec n\u00ba: <strong>355652<\/strong> y <strong>REPRO<\/strong> et pour le secteur des utilitaires avec le n\u00famero <strong>304107<\/strong>.[\/vc_column_text][vc_row_inner][vc_column_inner width=&#8221;1\/2&#8243;][vc_single_image image=&#8221;1482&#8243; img_size=&#8221;medium&#8221; alignment=&#8221;center&#8221;][\/vc_column_inner][vc_column_inner width=&#8221;1\/2&#8243;][vc_single_image image=&#8221;1483&#8243; img_size=&#8221;medium&#8221; alignment=&#8221;center&#8221;][\/vc_column_inner][\/vc_row_inner][\/vc_column][\/vc_row]<\/p>\n<\/div>","protected":false},"excerpt":{"rendered":"<p>[vc_row][vc_column][vc_column_text css=&#8221;.vc_custom_1730964991930{padding-top: 75px !important;padding-bottom: 75px !important;}&#8221;] Clasification empresarial LIZELAN dispose de moyens humains et materiels necesairres pour r\u00e9aliser tous types de travaux forestiers et environementaux avec toutes les garanties possibles pour le client, comme le reconna\u00eet le minist\u00e8re des finances et d\u2019administration espagnols en ayant attribu\u00e9s les classifications suivantes: &nbsp; &nbsp; GROUPE SUBGROUPE CAT\u00c9GORIE ACTIVIT\u00c9 [&hellip;]<\/p>\n","protected":false},"author":1,"featured_media":0,"parent":0,"menu_order":0,"comment_status":"closed","ping_status":"closed","template":"","meta":{"footnotes":""},"class_list":["post-1651","page","type-page","status-publish","hentry"],"aioseo_notices":[],"_links":{"self":[{"href":"https:\/\/lizelan.com\/fr\/wp-json\/wp\/v2\/pages\/1651","targetHints":{"allow":["GET"]}}],"collection":[{"href":"https:\/\/lizelan.com\/fr\/wp-json\/wp\/v2\/pages"}],"about":[{"href":"https:\/\/lizelan.com\/fr\/wp-json\/wp\/v2\/types\/page"}],"author":[{"embeddable":true,"href":"https:\/\/lizelan.com\/fr\/wp-json\/wp\/v2\/users\/1"}],"replies":[{"embeddable":true,"href":"https:\/\/lizelan.com\/fr\/wp-json\/wp\/v2\/comments?post=1651"}],"version-history":[{"count":8,"href":"https:\/\/lizelan.com\/fr\/wp-json\/wp\/v2\/pages\/1651\/revisions"}],"predecessor-version":[{"id":2707,"href":"https:\/\/lizelan.com\/fr\/wp-json\/wp\/v2\/pages\/1651\/revisions\/2707"}],"wp:attachment":[{"href":"https:\/\/lizelan.com\/fr\/wp-json\/wp\/v2\/media?parent=1651"}],"curies":[{"name":"wp","href":"https:\/\/api.w.org\/{rel}","templated":true}]}}