{"id":1643,"date":"2017-01-05T12:17:46","date_gmt":"2017-01-05T11:17:46","guid":{"rendered":"http:\/\/lizelan.com\/?page_id=1643"},"modified":"2017-04-03T13:52:17","modified_gmt":"2017-04-03T12:52:17","slug":"services-agricoles","status":"publish","type":"page","link":"https:\/\/lizelan.com\/fr\/services-agricoles\/","title":{"rendered":"Services agricoles"},"content":{"rendered":"<div class=\"wpb-content-wrapper\"><p>[vc_row overlay_row=&#8221;&#8221; css=&#8221;.vc_custom_1483618698025{margin-top: 50px !important;margin-bottom: 30px !important;}&#8221;][vc_column width=&#8221;1\/2&#8243;][vc_column_text]<strong>LIZELAN S.L\u00a0<\/strong>s\u00b4ocupe de tous les travaux de r\u00e9cup\u00e9ration de l\u00b4environnement et de l\u00b4int\u00e9gration paysag\u00e8re de toute sorte:<\/p>\n<ul>\n<li>Entretien agricole de l\u00b4exploitation de fruits: nettoyage,\u00e9lagage, traitements et r\u00e9coltes.<\/li>\n<li>Entretien int\u00e9gral de l\u00b4explotation de c\u00e9r\u00e9ales: pr\u00e9paration du terrain, traitements et r\u00e9colte.<\/li>\n<li>Cl\u00f4tures.<\/li>\n<\/ul>\n<p>[\/vc_column_text][\/vc_column][vc_column width=&#8221;1\/2&#8243;][vc_single_image image=&#8221;1598&#8243; img_size=&#8221;600&#215;400&#8243;][\/vc_column][\/vc_row]<\/p>\n<\/div>","protected":false},"excerpt":{"rendered":"<p>[vc_row overlay_row=&#8221;&#8221; css=&#8221;.vc_custom_1483618698025{margin-top: 50px !important;margin-bottom: 30px !important;}&#8221;][vc_column width=&#8221;1\/2&#8243;][vc_column_text]LIZELAN S.L\u00a0s\u00b4ocupe de tous les travaux de r\u00e9cup\u00e9ration de l\u00b4environnement et de l\u00b4int\u00e9gration paysag\u00e8re de toute sorte: Entretien agricole de l\u00b4exploitation de fruits: nettoyage,\u00e9lagage, traitements et r\u00e9coltes. Entretien int\u00e9gral de l\u00b4explotation de c\u00e9r\u00e9ales: pr\u00e9paration du terrain, traitements et r\u00e9colte. Cl\u00f4tures. [\/vc_column_text][\/vc_column][vc_column width=&#8221;1\/2&#8243;][vc_single_image image=&#8221;1598&#8243; img_size=&#8221;600&#215;400&#8243;][\/vc_column][\/vc_row]<\/p>\n","protected":false},"author":1,"featured_media":0,"parent":0,"menu_order":0,"comment_status":"closed","ping_status":"closed","template":"","meta":{"footnotes":""},"class_list":["post-1643","page","type-page","status-publish","hentry"],"aioseo_notices":[],"_links":{"self":[{"href":"https:\/\/lizelan.com\/fr\/wp-json\/wp\/v2\/pages\/1643","targetHints":{"allow":["GET"]}}],"collection":[{"href":"https:\/\/lizelan.com\/fr\/wp-json\/wp\/v2\/pages"}],"about":[{"href":"https:\/\/lizelan.com\/fr\/wp-json\/wp\/v2\/types\/page"}],"author":[{"embeddable":true,"href":"https:\/\/lizelan.com\/fr\/wp-json\/wp\/v2\/users\/1"}],"replies":[{"embeddable":true,"href":"https:\/\/lizelan.com\/fr\/wp-json\/wp\/v2\/comments?post=1643"}],"version-history":[{"count":1,"href":"https:\/\/lizelan.com\/fr\/wp-json\/wp\/v2\/pages\/1643\/revisions"}],"predecessor-version":[{"id":1644,"href":"https:\/\/lizelan.com\/fr\/wp-json\/wp\/v2\/pages\/1643\/revisions\/1644"}],"wp:attachment":[{"href":"https:\/\/lizelan.com\/fr\/wp-json\/wp\/v2\/media?parent=1643"}],"curies":[{"name":"wp","href":"https:\/\/api.w.org\/{rel}","templated":true}]}}