{"id":1626,"date":"2015-11-03T10:00:19","date_gmt":"2015-11-03T09:00:19","guid":{"rendered":"http:\/\/lizelan.com\/?page_id=1626"},"modified":"2023-07-24T09:10:57","modified_gmt":"2023-07-24T07:10:57","slug":"entreprise","status":"publish","type":"page","link":"https:\/\/lizelan.com\/fr\/entreprise\/","title":{"rendered":"Entreprise"},"content":{"rendered":"<div class=\"wpb-content-wrapper\"><p>[vc_row overlay_row=&#8221;&#8221; css=&#8221;.vc_custom_1451557713222{padding-top: 70px !important;padding-bottom: 90px !important;}&#8221;][vc_column][vc_custom_heading text=&#8221;Mission&#8221; font_container=&#8221;tag:h2|font_size:24|text_align:left|color:%23222222|line_height:1.8&#8243; google_fonts=&#8221;font_family:Raleway%3A100%2C200%2C300%2Cregular%2C500%2C600%2C700%2C800%2C900|font_style:700%20bold%20regular%3A700%3Anormal&#8221; border_weight=&#8221;3&#8243; template=&#8221;1&#8243; css=&#8221;.vc_custom_1576682563429{margin-top: 0px !important;margin-bottom: 0px !important;padding-top: 0px !important;padding-bottom: 0px !important;}&#8221; border_width=&#8221;45&#8243; letter_spacing=&#8221;-1px&#8221;][vc_column_text css=&#8221;.vc_custom_1576682590881{margin-bottom: 0px !important;padding-bottom: 0px !important;}&#8221;]<\/p>\n<p style=\"margin-bottom: .0001pt;\"><span style=\"font-family: 'Arial',sans-serif;\">Entreprise cr\u00e9\u00e9e dans les contextes agricoles et de nettoyage m\u00e9canis\u00e9 qui au fil du temps et \u00e0 travers ces clients a d\u00e9velopp\u00e9 son activit\u00e9 jusqu&#8217;au secteur forestier, o\u00f9 les principales lignes de travail sont:<\/span><\/p>\n<ul>\n<li><span style=\"font-family: 'Arial',sans-serif;\">Travaux et entretien int\u00e9gral d&#8217;infrastructures<\/span><\/li>\n<li><span style=\"font-family: 'Arial',sans-serif;\">Travaux et services forestiers<\/span><\/li>\n<li><span style=\"font-family: 'Arial',sans-serif;\">Infrastructures d\u2019\u00e9levage<\/span><\/li>\n<li><span style=\"font-family: 'Arial',sans-serif;\">R\u00e9cup\u00e9ration environnementale et int\u00e9gration paysagiste<\/span><\/li>\n<li><span style=\"font-family: 'Arial',sans-serif;\">Services agricoles<\/span><\/li>\n<\/ul>\n<p>[\/vc_column_text][\/vc_column][\/vc_row][vc_row full_width=&#8221;stretch_row&#8221; css=&#8221;.vc_custom_1576144835539{border-top-width: 1px !important;border-bottom-width: 1px !important;padding-top: 75px !important;padding-bottom: 50px !important;background-color: #f7f8fa !important;border-top-color: #ededed !important;border-top-style: solid !important;border-bottom-color: #ededed !important;border-bottom-style: solid !important;}&#8221;][vc_column][vc_custom_heading text=&#8221;Vision&#8221; font_container=&#8221;tag:h2|font_size:24|text_align:left|color:%23222222|line_height:1.8&#8243; google_fonts=&#8221;font_family:Raleway%3A100%2C200%2C300%2Cregular%2C500%2C600%2C700%2C800%2C900|font_style:700%20bold%20regular%3A700%3Anormal&#8221; border_weight=&#8221;3&#8243; template=&#8221;1&#8243; css=&#8221;.vc_custom_1576682599170{margin-top: 0px !important;margin-bottom: 0px !important;padding-top: 0px !important;padding-bottom: 0px !important;}&#8221; border_width=&#8221;45&#8243; letter_spacing=&#8221;-1px&#8221;][vc_column_text]\u00catre l&#8217;entreprise r\u00e9f\u00e9rence dans le nord de l&#8217;Espagne et le Sud Ouest de la France dans le domaine de la construction et maintenance d&#8217;infrastructures dans le secteur forestier (\u00e9lectricit\u00e9, renouvelables, transport ferroviaire et routier, etc.) et avec une am\u00e9lioration continue dans la m\u00e9canisation de ses processus de travail, ainsi que dans la diversification de services et innovation.[\/vc_column_text][\/vc_column][\/vc_row][vc_row css=&#8221;.vc_custom_1576145097279{padding-top: 75px !important;padding-bottom: 50px !important;}&#8221;][vc_column][vc_custom_heading text=&#8221;Valeurs&#8221; font_container=&#8221;tag:h2|font_size:24|text_align:left|color:%23222222|line_height:1.8&#8243; google_fonts=&#8221;font_family:Raleway%3A100%2C200%2C300%2Cregular%2C500%2C600%2C700%2C800%2C900|font_style:700%20bold%20regular%3A700%3Anormal&#8221; border_weight=&#8221;3&#8243; template=&#8221;1&#8243; css=&#8221;.vc_custom_1576682620758{margin-top: 0px !important;margin-bottom: 0px !important;padding-top: 0px !important;padding-bottom: 0px !important;}&#8221; border_width=&#8221;45&#8243; letter_spacing=&#8221;-1px&#8221;][vc_column_text]<\/p>\n<p style=\"margin-bottom: .0001pt;\"><span style=\"font-family: 'Arial',sans-serif;\"><b>Participation et travail en \u00e9quipe<\/b>: nous estimons que la meilleure forme d&#8217;atteindre un objectif commun est d&#8217;encourager la participation, la coop\u00e9ration et le travail en \u00e9quipe. Nous motivons et formons nos collaborateurs afin de stimuler leur d\u00e9veloppement professionnel.<\/span><\/p>\n<p style=\"margin-bottom: .0001pt;\"><span style=\"font-family: 'Arial',sans-serif;\"><b>Respect pour l&#8217;environnement, la s\u00e9curit\u00e9 et la sant\u00e9<\/b>: nous nous effor\u00e7ons de consommer de mani\u00e8re rationnelle les ressources naturelles et de pr\u00e9server l&#8217;environnement autour duquel justement se d\u00e9veloppe notre activit\u00e9. Nous consid\u00e9rons prioritaire suivre les plus hauts standards de s\u00e9curit\u00e9 dans toutes nos activit\u00e9s, dans le but de pr\u00e9server l&#8217;int\u00e9grit\u00e9 de notre personnel ainsi que celle de nos fournisseurs.<\/span><\/p>\n<p style=\"margin-bottom: .0001pt;\"><span style=\"font-family: 'Arial',sans-serif;\"><b>Am\u00e9lioration constante<\/b>: nous affrontons constamment de nouveaux d\u00e9fis et travaillons afin d&#8217;am\u00e9liorer continuellement nos syst\u00e8mes de gestion vers la recherche de l&#8217;excellence.<\/span><\/p>\n<p style=\"margin-bottom: .0001pt;\"><span style=\"font-family: 'Arial',sans-serif;\"><b>Orientation au client<\/b>: en nous basant sur une confiance mutuelle, nos actions sont orient\u00e9es \u00e0 conna\u00eetre les n\u00e9cessit\u00e9s de nos clients et \u00e0 accomplir leurs demandes, en leur garantissant des produits de qualit\u00e9 et un service efficace.<\/span><\/p>\n<p style=\"margin-bottom: .0001pt;\"><span style=\"font-family: 'Arial',sans-serif;\"><b>\u00c9thique et engagement<\/b>: nous nous effor\u00e7ons d&#8217;accomplir notre travail en \u00e9tablissant de justes et transparentes relations avec les personnes qui travaillent dans notre milieu. Honn\u00eatet\u00e9, professionnalisme et coh\u00e9rence sont les bases de notre travail.<\/span><\/p>\n<p style=\"margin-bottom: .0001pt;\"><span style=\"font-family: 'Arial',sans-serif;\"><b>Innovation<\/b>: la forme de garantir notre durabilit\u00e9 et comp\u00e9titivit\u00e9 se traduit \u00e0 travers l&#8217;innovation dans de nouveaux services et processus de travail.<\/span><\/p>\n<p>[\/vc_column_text][\/vc_column][\/vc_row][vc_row full_width=&#8221;stretch_row&#8221; css=&#8221;.vc_custom_1576144938806{border-top-width: 1px !important;border-bottom-width: 1px !important;padding-top: 75px !important;padding-bottom: 50px !important;background-color: #f7f8fa !important;border-top-color: #ededed !important;border-top-style: solid !important;border-bottom-color: #ededed !important;border-bottom-style: solid !important;}&#8221;][vc_column][vc_custom_heading text=&#8221;Responsabilit\u00e9 corporative&#8221; font_container=&#8221;tag:h2|font_size:24|text_align:left|color:%23222222|line_height:1.8&#8243; google_fonts=&#8221;font_family:Raleway%3A100%2C200%2C300%2Cregular%2C500%2C600%2C700%2C800%2C900|font_style:700%20bold%20regular%3A700%3Anormal&#8221; border_weight=&#8221;3&#8243; template=&#8221;1&#8243; css=&#8221;.vc_custom_1576682679018{margin-top: 0px !important;margin-bottom: 0px !important;padding-top: 0px !important;padding-bottom: 0px !important;}&#8221; border_width=&#8221;45&#8243; letter_spacing=&#8221;-1px&#8221;][vc_column_text]LIZELAN con\u00e7oit la responsabilit\u00e9 sociale avec l&#8217;environnement dans lequel nous vivons et travaillons, et avec les diff\u00e9rents groupes d&#8217;int\u00e9r\u00eat avec lesquels nous interagissons quotidiennement, qu&#8217;ils soient employ\u00e9s, clients publics ou priv\u00e9s, fournisseurs, collaborateurs ou autres personnes concern\u00e9es par nos activit\u00e9s.<\/p>\n<p>Nous recherchons \u00e0 tout moment un b\u00e9n\u00e9fice durable et \u00e0 long terme, souhaitant transmettre une <em>conscience d&#8217;entreprise<\/em> qui mette en pratique jour apr\u00e8s jour nos valeurs corporatives, \u00e9tablissant des standards de qualit\u00e9, de pr\u00e9vention de risques professionnels et de gestion environnementale qui mettent en \u00e9vidence notre engagement social.[\/vc_column_text][\/vc_column][\/vc_row][vc_row css=&#8221;.vc_custom_1576146208717{padding-top: 75px !important;padding-bottom: 50px !important;}&#8221;][vc_column][vc_custom_heading text=&#8221;Valeur humaine&#8221; font_container=&#8221;tag:h2|font_size:24|text_align:left|color:%23222222|line_height:1.8&#8243; google_fonts=&#8221;font_family:Raleway%3A100%2C200%2C300%2Cregular%2C500%2C600%2C700%2C800%2C900|font_style:700%20bold%20regular%3A700%3Anormal&#8221; border_weight=&#8221;3&#8243; template=&#8221;1&#8243; css=&#8221;.vc_custom_1576682703835{margin-top: 0px !important;margin-bottom: 0px !important;padding-top: 0px !important;padding-bottom: 0px !important;}&#8221; border_width=&#8221;45&#8243; letter_spacing=&#8221;-1px&#8221;][vc_column_text]LIZELAN mise sur des professionnels avec des valeurs, responsables, qui s&#8217;impliquent et participent au d\u00e9veloppement de l&#8217;entreprise et \u00e0 la r\u00e9alisation de ses objectifs. Nous encourageons la formation continue, le travail en \u00e9quipe et la conciliation personnelle et professionnelle. Nous tenons \u00e0 la valeur humaine, notre meilleur actif.[\/vc_column_text][\/vc_column][\/vc_row][vc_row full_width=&#8221;stretch_row&#8221; css=&#8221;.vc_custom_1576146008325{border-top-width: 1px !important;border-bottom-width: 1px !important;padding-top: 75px !important;padding-bottom: 50px !important;background-color: #f7f8fa !important;border-top-color: #ededed !important;border-top-style: solid !important;border-bottom-color: #ededed !important;border-bottom-style: solid !important;}&#8221;][vc_column][vc_custom_heading text=&#8221;Environnement&#8221; font_container=&#8221;tag:h2|font_size:24|text_align:left|color:%23222222|line_height:1.8&#8243; google_fonts=&#8221;font_family:Raleway%3A100%2C200%2C300%2Cregular%2C500%2C600%2C700%2C800%2C900|font_style:700%20bold%20regular%3A700%3Anormal&#8221; border_weight=&#8221;3&#8243; template=&#8221;1&#8243; css=&#8221;.vc_custom_1576682726338{margin-top: 0px !important;margin-bottom: 0px !important;padding-top: 0px !important;padding-bottom: 0px !important;}&#8221; border_width=&#8221;45&#8243; letter_spacing=&#8221;-1px&#8221;][vc_column_text]Nous nous engageons dans la pr\u00e9servation de l&#8217;environnement, encourageant un usage rationnel et durable des ressources naturelles, favorisant le contr\u00f4le et la minimisation de consommations, r\u00e9sidus, \u00e9missions et d\u00e9versements et en int\u00e9grant environnementalement toutes nos interventions afin de minimiser leurs possibles impacts. A travers la certification de notre Syst\u00e8me de Gestion Environnementale selon <strong>ISO 14001:2015.<\/strong>[\/vc_column_text][\/vc_column][\/vc_row][vc_row css=&#8221;.vc_custom_1576146220173{padding-top: 75px !important;padding-bottom: 50px !important;}&#8221;][vc_column][vc_custom_heading text=&#8221;S\u00e9curit\u00e9 et sant\u00e9 au travail&#8221; font_container=&#8221;tag:h2|font_size:24|text_align:left|color:%23222222|line_height:1.8&#8243; google_fonts=&#8221;font_family:Raleway%3A100%2C200%2C300%2Cregular%2C500%2C600%2C700%2C800%2C900|font_style:700%20bold%20regular%3A700%3Anormal&#8221; border_weight=&#8221;3&#8243; template=&#8221;1&#8243; css=&#8221;.vc_custom_1576682755397{margin-top: 0px !important;margin-bottom: 0px !important;padding-top: 0px !important;padding-bottom: 0px !important;}&#8221; border_width=&#8221;45&#8243; letter_spacing=&#8221;-1px&#8221;][vc_column_text]Nous tenons \u00e0 la S\u00e9curit\u00e9 et \u00e0 la Sant\u00e9 de nos employ\u00e9s. Nous fixons d&#8217;exhaustives proc\u00e9dures que nous appliquons avec rigueur, employant des mesures pr\u00e9ventives qui \u00e9liminent ou minimisent les risques, faisant face activement aux accidents de travail. Nous misons sur la S\u00e9curit\u00e9: Syst\u00e8me de Gestion de S\u00e9curit\u00e9 et Sant\u00e9 au Travail homologu\u00e9 selon <b>ISO 45001:2018<\/b>.[\/vc_column_text][\/vc_column][\/vc_row][vc_row full_width=&#8221;stretch_row&#8221; css=&#8221;.vc_custom_1576146267162{border-top-width: 1px !important;border-bottom-width: 1px !important;padding-top: 75px !important;padding-bottom: 50px !important;background-color: #f7f8fa !important;border-top-color: #ededed !important;border-top-style: solid !important;border-bottom-color: #ededed !important;border-bottom-style: solid !important;}&#8221;][vc_column][vc_custom_heading text=&#8221;Qualit\u00e9 et excellence&#8221; font_container=&#8221;tag:h2|font_size:24|text_align:left|color:%23222222|line_height:1.8&#8243; google_fonts=&#8221;font_family:Raleway%3A100%2C200%2C300%2Cregular%2C500%2C600%2C700%2C800%2C900|font_style:700%20bold%20regular%3A700%3Anormal&#8221; border_weight=&#8221;3&#8243; template=&#8221;1&#8243; css=&#8221;.vc_custom_1576682788017{margin-top: 0px !important;margin-bottom: 0px !important;padding-top: 0px !important;padding-bottom: 0px !important;}&#8221; border_width=&#8221;45&#8243; letter_spacing=&#8221;-1px&#8221;][vc_column_text]Nous recherchons l&#8217;excellence comme objectif de r\u00e9alisation professionnelle et de pleine satisfaction pour nos clients, conscients de l&#8217;importance de l&#8217;effort afin d&#8217;\u00eatre chaque jour meilleur. Notre instrument est le Syst\u00e8me de Gestion de Qualit\u00e9 certifi\u00e9 <strong>ISO9001:2015.<\/strong>[\/vc_column_text][\/vc_column][\/vc_row]<\/p>\n<\/div>","protected":false},"excerpt":{"rendered":"<p>[vc_row overlay_row=&#8221;&#8221; css=&#8221;.vc_custom_1451557713222{padding-top: 70px !important;padding-bottom: 90px !important;}&#8221;][vc_column][vc_custom_heading text=&#8221;Mission&#8221; font_container=&#8221;tag:h2|font_size:24|text_align:left|color:%23222222|line_height:1.8&#8243; google_fonts=&#8221;font_family:Raleway%3A100%2C200%2C300%2Cregular%2C500%2C600%2C700%2C800%2C900|font_style:700%20bold%20regular%3A700%3Anormal&#8221; border_weight=&#8221;3&#8243; template=&#8221;1&#8243; css=&#8221;.vc_custom_1576682563429{margin-top: 0px !important;margin-bottom: 0px !important;padding-top: 0px !important;padding-bottom: 0px !important;}&#8221; border_width=&#8221;45&#8243; letter_spacing=&#8221;-1px&#8221;][vc_column_text css=&#8221;.vc_custom_1576682590881{margin-bottom: 0px !important;padding-bottom: 0px !important;}&#8221;] Entreprise cr\u00e9\u00e9e dans les contextes agricoles et de nettoyage m\u00e9canis\u00e9 qui au fil du temps et \u00e0 travers ces clients a d\u00e9velopp\u00e9 son activit\u00e9 jusqu&#8217;au secteur forestier, [&hellip;]<\/p>\n","protected":false},"author":1,"featured_media":0,"parent":0,"menu_order":0,"comment_status":"closed","ping_status":"closed","template":"","meta":{"footnotes":""},"class_list":["post-1626","page","type-page","status-publish","hentry"],"aioseo_notices":[],"_links":{"self":[{"href":"https:\/\/lizelan.com\/fr\/wp-json\/wp\/v2\/pages\/1626","targetHints":{"allow":["GET"]}}],"collection":[{"href":"https:\/\/lizelan.com\/fr\/wp-json\/wp\/v2\/pages"}],"about":[{"href":"https:\/\/lizelan.com\/fr\/wp-json\/wp\/v2\/types\/page"}],"author":[{"embeddable":true,"href":"https:\/\/lizelan.com\/fr\/wp-json\/wp\/v2\/users\/1"}],"replies":[{"embeddable":true,"href":"https:\/\/lizelan.com\/fr\/wp-json\/wp\/v2\/comments?post=1626"}],"version-history":[{"count":6,"href":"https:\/\/lizelan.com\/fr\/wp-json\/wp\/v2\/pages\/1626\/revisions"}],"predecessor-version":[{"id":2433,"href":"https:\/\/lizelan.com\/fr\/wp-json\/wp\/v2\/pages\/1626\/revisions\/2433"}],"wp:attachment":[{"href":"https:\/\/lizelan.com\/fr\/wp-json\/wp\/v2\/media?parent=1626"}],"curies":[{"name":"wp","href":"https:\/\/api.w.org\/{rel}","templated":true}]}}